{"id":2912,"date":"2023-06-09T09:53:01","date_gmt":"2023-06-09T09:53:01","guid":{"rendered":"https:\/\/harchatextileluxe.com\/?page_id=2912"},"modified":"2023-06-21T19:21:17","modified_gmt":"2023-06-21T19:21:17","slug":"tempo","status":"publish","type":"page","link":"https:\/\/harchatextileluxe.com\/en\/","title":{"rendered":"Harcha Textile luxe"},"content":{"rendered":"<ul>\n<li>\n\t\t\t\t\t\t\t\t\t\t\t<a href=\"tel:5144466248\"><br \/>\n\t\t\t\t\t\t\t\t\t\t514 446-6248<br \/>\n\t\t\t\t\t\t\t\t\t\t\t<\/a>\n\t\t\t\t\t\t\t\t\t<\/li>\n<li>\n\t\t\t\t\t\t\t\t\t\t\t<a href=\"mailto:admin@harchatextileluxe.com\"><br \/>\n\t\t\t\t\t\t\t\t\t\tAdmin@harchatextileluxe.com<br \/>\n\t\t\t\t\t\t\t\t\t\t\t<\/a>\n\t\t\t\t\t\t\t\t\t<\/li>\n<li>\n\t\t\t\t\t\t\t\t\t\tLaval, Canada\n\t\t\t\t\t\t\t\t\t<\/li>\n<li>\n\t\t\t\t\t\t\t\t\t\tLundi au vendredi  9 \u00e0 17h\n\t\t\t\t\t\t\t\t\t<\/li>\n<\/ul>\n<p>\t\t\t\t\t\t\t\t\t\t\t\t<img decoding=\"async\" width=\"800\" height=\"485\" src=\"https:\/\/harchatextileluxe.com\/wp-content\/uploads\/2023\/06\/logotransparent-back-1024x621.png\" alt=\"\" loading=\"lazy\" srcset=\"https:\/\/harchatextileluxe.com\/wp-content\/uploads\/2023\/06\/logotransparent-back-1024x621.png 1024w, https:\/\/harchatextileluxe.com\/wp-content\/uploads\/2023\/06\/logotransparent-back-300x182.png 300w, https:\/\/harchatextileluxe.com\/wp-content\/uploads\/2023\/06\/logotransparent-back-768x466.png 768w, https:\/\/harchatextileluxe.com\/wp-content\/uploads\/2023\/06\/logotransparent-back-1536x931.png 1536w, https:\/\/harchatextileluxe.com\/wp-content\/uploads\/2023\/06\/logotransparent-back-2048x1242.png 2048w\" sizes=\"auto, (max-width: 800px) 100vw, 800px\" \/><br \/>\n\t\t\t<a href=\"#contact\"><br \/>\n\t\t\t\t\tAPPELER MAINTENANT<br \/>\n\t\t\t\t\t\t\t<\/a><\/p>\n<h2>Harcha <br \/>Textile Luxe<\/h2>\n<h2>Vente de literie et textile pour h\u00f4tels, spas, services de sant\u00e9 et restaurants.<\/h2>\n<p>\t\t\t<a href=\"#contact\"><br \/>\n\t\t\t\t\tContactez-Nous<br \/>\n\t\t\t\t\t\t\t<\/a><br \/>\n\t\t\t\t\t\t\t\t\t\t\t\t<img decoding=\"async\" src=\"https:\/\/harchatextileluxe.com\/wp-content\/uploads\/elementor\/thumbs\/Design-sans-titre-1-1-q7ydn2a8ojyrytiyx8ky0ln8twx65v11s7awkjascw.jpg\" title=\"Design sans titre (1)\" alt=\"Design sans titre (1)\" loading=\"lazy\" \/>\t\t\t\t\t\t\t\t\t\t\t\t\t\t<\/p>\n<h2>\u00c0 propos <\/h2>\n<p>Nous nous sp\u00e9cialisons dans la vente de textiles de luxe en utilisant les mat\u00e9riaux les plus fins et les techniques de fabrication les plus avanc\u00e9es. Nos tissus sont soigneusement s\u00e9lectionn\u00e9s pour leur douceur, leur durabilit\u00e9 et leur esth\u00e9tique raffin\u00e9e. Que ce soit de la soie d\u00e9licate, du cachemire somptueux, du lin luxueux ou d&rsquo;autres mati\u00e8res pr\u00e9cieuses, nous veillons \u00e0 ce que nos produits incarnent l&rsquo;\u00e9l\u00e9gance et le luxe.<\/p>\n<p>En r\u00e9sum\u00e9,HARCHA textile de luxe incarne l&rsquo;\u00e9l\u00e9gance, le raffinement et l&rsquo;artisanat d&rsquo;exception. Nous nous effor\u00e7ons de cr\u00e9er des produits qui \u00e9voquent l&rsquo;\u00e9motion et l&rsquo;admiration, en offrant \u00e0 nos clients une exp\u00e9rience luxueuse \u00e0 chaque interaction.<\/p>\n<p>\t\t\t\t\t\t\t\t\t\t\t\t<img decoding=\"async\" src=\"https:\/\/harchatextileluxe.com\/wp-content\/uploads\/elementor\/thumbs\/hotel-room-q7ydf2nml911a54rks93tm8720auqhb6onobpv598w.jpg\" title=\"Hotel room\" alt=\"Hotel room\" loading=\"lazy\" \/>\t\t\t\t\t\t\t\t\t\t\t\t\t\t<\/p>\n<p>Contactez -nous maintenant<\/p>\n<h2>Pour une commande ou une question 514 446-6248<\/h2>\n<p>\t\t\t<a href=\"#contact\"><br \/>\n\t\t\t\t\tDemande de soumission<br \/>\n\t\t\t\t\t\t\t\t<\/a><\/p>\n<h2>Nos services chez <br \/>  Harcha Textile Luxe<\/h2>\n<p>Choissisez Harcha Textile Luxe pour la qualit\u00e9 exceptionnelle de nos produits, du design exclusif, de l&rsquo;exp\u00e9rience client personnalis\u00e9e, de l&rsquo;engagement envers la durabilit\u00e9, ainsi que de notre r\u00e9putation et prestige dans l&rsquo;industrie.<\/p>\n<h2 data-animation-in=\"fadeInDown\" data-delay-in=\"1\" data-duration-in=\"1\" data-animation-out=\"fadeOutDown\" data-delay-out=\"2\" data-duration-out=\"1\">Taie d&rsquo;oreillers confortable<\/h2>\n<h2 data-animation-in=\"fadeInDown\" data-delay-in=\"1\" data-duration-in=\"1\" data-animation-out=\"fadeOutDown\" data-delay-out=\"2\" data-duration-out=\"1\">Draps soyeux<\/h2>\n<h2 data-animation-in=\"fadeInDown\" data-delay-in=\"1\" data-duration-in=\"1\" data-animation-out=\"fadeOutDown\" data-delay-out=\"2\" data-duration-out=\"1\">Oreilleux doux <\/h2>\n<h2 data-animation-in=\"fadeInDown\" data-delay-in=\"1\" data-duration-in=\"1\" data-animation-out=\"fadeOutDown\" data-delay-out=\"2\" data-duration-out=\"1\">serviettes douces et absorbantes<\/h2>\n<h2 data-animation-in=\"fadeInDown\" data-delay-in=\"1\" data-duration-in=\"1\" data-animation-out=\"fadeOutDown\" data-delay-out=\"2\" data-duration-out=\"1\">Couverture douce<\/h2>\n<h2 data-animation-in=\"fadeInDown\" data-delay-in=\"1\" data-duration-in=\"1\" data-animation-out=\"fadeOutDown\" data-delay-out=\"2\" data-duration-out=\"1\">Rideau de salle de bain<\/h2>\n<h2 data-animation-in=\"fadeInDown\" data-delay-in=\"1\" data-duration-in=\"1\" data-animation-out=\"fadeOutDown\" data-delay-out=\"2\" data-duration-out=\"1\">Peignoirs luxueux et des pantoufles moelleuse<\/h2>\n<p>\t\t\t<svg xmlns=\"http:\/\/www.w3.org\/2000\/svg\" xmlns:xlink=\"http:\/\/www.w3.org\/1999\/xlink\" id=\"Capa_1\" x=\"0px\" y=\"0px\" viewbox=\"0 0 512 512\" style=\"enable-background:new 0 0 512 512;\" xml:space=\"preserve\"><g>\t<g>\t\t<path d=\"M445.437,31.625V0H213.914v31.786h-64.195v191.136c37.569,20.426,63.126,60.255,63.126,105.942   c0,27.146-17.807,71.454-54.441,135.455c-2.912,5.088-5.817,10.072-8.685,14.927v28.848h165.23v-96.819h31.57v96.819h162.058   V31.839L445.437,31.625z M283.377,377.329h-31.572v-31.57h31.572V377.329z M283.377,314.186h-31.572v-31.57h31.572V314.186z    M283.377,252.494h-31.572v-31.57h31.572V252.494z M346.52,377.329h-31.572v-31.57h31.572V377.329z M346.52,314.186h-31.572   v-31.57h31.572V314.186z M346.52,252.494h-31.572v-31.57h31.572V252.494z M378.091,178.828h-31.57v-36.834h-31.574v36.834h-31.57   V73.59h31.57v36.834h31.574V73.59h31.57V178.828z M409.664,377.329h-31.572v-31.57h31.572V377.329z M409.664,314.186h-31.572   v-31.57h31.572V314.186z M409.664,252.494h-31.572v-31.57h31.572V252.494z\"><\/path>\t<\/g><\/g><g>\t<g>\t\t<path d=\"M92.35,239.937c-49.034,0-88.927,39.893-88.927,88.926c0,11.919,6.518,43.304,50.175,119.604   C67.92,473.5,82.365,496.52,92.35,512c9.984-15.48,24.43-38.5,38.752-63.533c43.656-76.3,50.175-107.686,50.175-119.604   C181.276,279.829,141.384,239.937,92.35,239.937z M92.35,387.482c-32.323,0-58.62-26.297-58.62-58.62s26.296-58.62,58.62-58.62   c32.323,0,58.62,26.297,58.62,58.62S124.673,387.482,92.35,387.482z\"><\/path>\t<\/g><\/g><g>\t<g>\t\t<path d=\"M92.35,301.813c-14.915,0-27.05,12.134-27.05,27.05c0,14.916,12.134,27.05,27.05,27.05c14.916,0,27.05-12.134,27.05-27.05   C119.4,313.948,107.264,301.813,92.35,301.813z\"><\/path>\t<\/g><\/g><g><\/g><g><\/g><g><\/g><g><\/g><g><\/g><g><\/g><g><\/g><g><\/g><g><\/g><g><\/g><g><\/g><g><\/g><g><\/g><g><\/g><g><\/g><\/svg>\t\t\t<\/p>\n<p>Hotels<\/p>\n<ul>\n<li>\n\t\t\t\t\t\t\t\t\t\tDraps plat\n\t\t\t\t\t\t\t\t\t<\/li>\n<li>\n\t\t\t\t\t\t\t\t\t\tDraps contour\n\t\t\t\t\t\t\t\t\t<\/li>\n<li>\n\t\t\t\t\t\t\t\t\t\tTaie d&rsquo;oreillers\n\t\t\t\t\t\t\t\t\t<\/li>\n<li>\n\t\t\t\t\t\t\t\t\t\tOreillers\n\t\t\t\t\t\t\t\t\t<\/li>\n<li>\n\t\t\t\t\t\t\t\t\t\tServiettes\n\t\t\t\t\t\t\t\t\t<\/li>\n<li>\n\t\t\t\t\t\t\t\t\t\tCouvertures\n\t\t\t\t\t\t\t\t\t<\/li>\n<li>\n\t\t\t\t\t\t\t\t\t\tRideaux de salle de bain\n\t\t\t\t\t\t\t\t\t<\/li>\n<li>\n\t\t\t\t\t\t\t\t\t\tPeignoirs et pantoufles\n\t\t\t\t\t\t\t\t\t<\/li>\n<li>\n\t\t\t\t\t\t\t\t\t\tEt plus encore &#8230;.\n\t\t\t\t\t\t\t\t\t<\/li>\n<\/ul>\n<p>\t\t\t<svg xmlns=\"http:\/\/www.w3.org\/2000\/svg\" height=\"512\" viewbox=\"0 0 96 96\" width=\"512\"><path d=\"m78 60h-9.3a11.1975 11.1975 0 0 1 3.3 8 8.01 8.01 0 0 1 -8 8h-18a2 2 0 0 1 0-4h18a4.0027 4.0027 0 0 0 4-4c0-5.16-4.2617-8-12-8h-22a10.0093 10.0093 0 0 0 -10 10v8a10.0093 10.0093 0 0 0 10 10h44a10.0093 10.0093 0 0 0 10-10v-8a10.0093 10.0093 0 0 0 -10-10z\"><\/path><path d=\"m20 70a14.017 14.017 0 0 1 14-14h6v-22a1.9988 1.9988 0 0 0 -2-2h-12v-4.2842a7.9941 7.9941 0 0 0 6-7.7158c0-3.5781-4.1836-12-8-12s-8 8.4219-8 12a7.9941 7.9941 0 0 0 6 7.7158v4.2842h-12a1.9988 1.9988 0 0 0 -2 2v52a1.9988 1.9988 0 0 0 2 2h14.2332a13.9421 13.9421 0 0 1 -4.2332-10z\"><\/path><path d=\"m58 51.9883h4a2 2 0 0 0 2-2 10 10 0 0 0 -10-10h-4a2 2 0 0 0 -2 2 10 10 0 0 0 10 10z\"><\/path><path d=\"m66 42.8923a14.1071 14.1071 0 0 1 7.5278-6.13 13.839 13.839 0 0 0 -3.2856-5.36l-2.8281-2.8281a2.0587 2.0587 0 0 0 -2.8282 0l-2.8259 2.8281a13.8394 13.8394 0 0 0 -3.2869 5.3606 14.1066 14.1066 0 0 1 7.5269 6.1294z\"><\/path><path d=\"m68 49.9883a2 2 0 0 0 2 2h4a10 10 0 0 0 10-10 2 2 0 0 0 -2-2h-4a10 10 0 0 0 -10 10z\"><\/path><\/svg>\t\t\t<\/p>\n<p>Spas<\/p>\n<ul>\n<li>\n\t\t\t\t\t\t\t\t\t\tServiettes\n\t\t\t\t\t\t\t\t\t<\/li>\n<li>\n\t\t\t\t\t\t\t\t\t\tPeignoirs\n\t\t\t\t\t\t\t\t\t<\/li>\n<li>\n\t\t\t\t\t\t\t\t\t\tRideaux de salle de bain\n\t\t\t\t\t\t\t\t\t<\/li>\n<li>\n\t\t\t\t\t\t\t\t\t\ttapis de bain\n\t\t\t\t\t\t\t\t\t<\/li>\n<li>\n\t\t\t\t\t\t\t\t\t\tEt plus encore&#8230;\n\t\t\t\t\t\t\t\t\t<\/li>\n<\/ul>\n<h2 data-animation-in=\"fadeInDown\" data-delay-in=\"1\" data-duration-in=\"1\" data-animation-out=\"fadeOutDown\" data-delay-out=\"2\" data-duration-out=\"1\">Peignoirs luxueux et des pantoufles moelleuse<\/h2>\n<h2 data-animation-in=\"fadeInDown\" data-delay-in=\"1\" data-duration-in=\"1\" data-animation-out=\"fadeOutDown\" data-delay-out=\"2\" data-duration-out=\"1\">Draps soyeux<\/h2>\n<h2 data-animation-in=\"fadeInDown\" data-delay-in=\"1\" data-duration-in=\"1\" data-animation-out=\"fadeOutDown\" data-delay-out=\"2\" data-duration-out=\"1\">serviettes douces et absorbantes<\/h2>\n<h2 data-animation-in=\"fadeInDown\" data-delay-in=\"1\" data-duration-in=\"1\" data-animation-out=\"fadeOutDown\" data-delay-out=\"2\" data-duration-out=\"1\">serviettes douces et absorbantes<\/h2>\n<h2 data-animation-in=\"fadeInDown\" data-delay-in=\"1\" data-duration-in=\"1\" data-animation-out=\"fadeOutDown\" data-delay-out=\"2\" data-duration-out=\"1\">Tenues de travail confortables<\/h2>\n<h2 data-animation-in=\"fadeInDown\" data-delay-in=\"1\" data-duration-in=\"1\" data-animation-out=\"fadeOutDown\" data-delay-out=\"2\" data-duration-out=\"1\">Linge de cuisine doux pour les mains<\/h2>\n<h2 data-animation-in=\"fadeInDown\" data-delay-in=\"1\" data-duration-in=\"1\" data-animation-out=\"fadeOutDown\" data-delay-out=\"2\" data-duration-out=\"1\">Linge confortable<\/h2>\n<p>\t\t\t<svg xmlns=\"http:\/\/www.w3.org\/2000\/svg\" height=\"512\" viewbox=\"0 0 512 512\" width=\"512\"><g id=\"Layer_2\" data-name=\"Layer 2\"><g id=\"restaurant\"><path d=\"m256 0c-141.38 0-256 114.62-256 256s114.62 256 256 256 256-114.62 256-256-114.62-256-256-256zm-9.66 197.91a53.18 53.18 0 0 1 -35.79 50.26l8.45 126.24a25.86 25.86 0 0 1 -25.82 27.59 25.86 25.86 0 0 1 -25.81-27.59l8.44-126.24a53.19 53.19 0 0 1 -35.81-50.26v-77.43a10.48 10.48 0 0 1 10.49-10.48 10.48 10.48 0 0 1 10.51 10.48v55.77a19.69 19.69 0 0 0 19.69 19.69v-75.46a10.48 10.48 0 0 1 10.45-10.48h4.07a10.48 10.48 0 0 1 10.48 10.48v75.46a19.69 19.69 0 0 0 19.69-19.69v-55.77a10.48 10.48 0 1 1 21 0zm102.41 204.09c-13.44 0-24.08-14.95-23.18-32.58l5.07-108-28.83-13.06a30 30 0 0 1 -17.63-27.36v-81a30 30 0 0 1 30-30h25.9v.12a23.07 23.07 0 0 1 20.71 21.88l11.14 237.43c.9 17.62-9.74 32.57-23.18 32.57z\"><\/path><\/g><\/g><\/svg>\t\t\t<\/p>\n<p>Restaurants<\/p>\n<ul>\n<li>\n\t\t\t\t\t\t\t\t\t\tTenues de travail\n\t\t\t\t\t\t\t\t\t<\/li>\n<li>\n\t\t\t\t\t\t\t\t\t\tNappes\n\t\t\t\t\t\t\t\t\t<\/li>\n<li>\n\t\t\t\t\t\t\t\t\t\tTabliers\n\t\t\t\t\t\t\t\t\t<\/li>\n<li>\n\t\t\t\t\t\t\t\t\t\tLinges de cuisine\n\t\t\t\t\t\t\t\t\t<\/li>\n<li>\n\t\t\t\t\t\t\t\t\t\tEt plus encore&#8230;\n\t\t\t\t\t\t\t\t\t<\/li>\n<\/ul>\n<p>service de sant\u00e9<\/p>\n<ul>\n<li>\n\t\t\t\t\t\t\t\t\t\tDraps plats\n\t\t\t\t\t\t\t\t\t<\/li>\n<li>\n\t\t\t\t\t\t\t\t\t\tDraps contours\n\t\t\t\t\t\t\t\t\t<\/li>\n<li>\n\t\t\t\t\t\t\t\t\t\tServiettes\n\t\t\t\t\t\t\t\t\t<\/li>\n<li>\n\t\t\t\t\t\t\t\t\t\tEt plus encore&#8230;\n\t\t\t\t\t\t\t\t\t<\/li>\n<\/ul>\n<h2 data-animation-in=\"fadeInDown\" data-delay-in=\"1\" data-duration-in=\"1\" data-animation-out=\"fadeOutDown\" data-delay-out=\"2\" data-duration-out=\"1\">Draps contours soyeux<\/h2>\n<h2>Contactez-nous <\/h2>\n<h2>514 446-6248<\/h2>\n<p>Pour une demande de soumission ou pour une question, nous r\u00e9pondrons rapidement !<\/p>\n<h2>Livraison internationale<\/h2>\n<p>\t\t\t<svg xmlns=\"http:\/\/www.w3.org\/2000\/svg\" height=\"512pt\" viewbox=\"0 0 512 512.00013\" width=\"512pt\"><path d=\"m512 402.363281c0-3.976562-1.578125-7.792969-4.394531-10.605469l-104.710938-104.714843c-5.859375-5.859375-15.355469-5.859375-21.214843 0l-28.070313 28.070312c-.503906.503907-1.023437.992188-1.550781 1.46875l125.96875 125.96875 29.578125-29.582031c2.816406-2.8125 4.394531-6.628906 4.394531-10.605469zm0 0\"><\/path><path d=\"m195.417969 159.941406c.476562-.527344.964843-1.046875 1.46875-1.550781l28.070312-28.070313c5.859375-5.855468 5.859375-15.355468 0-21.210937l-104.714843-104.714844c-5.855469-5.859375-15.351563-5.859375-21.210938 0l-29.582031 29.578125zm0 0\"><\/path><path d=\"m320.171875 327.121094c-8.515625-.792969-16.757813-4.210938-23.308594-10.3125-.386719-.359375-.769531-.726563-1.152343-1.109375l-99.414063-99.417969c-.375-.375-.746094-.757812-1.101563-1.140625-6.105468-6.550781-9.519531-14.796875-10.3125-23.308594l-136.644531-136.644531-11.0625 11.0625c-23.972656 23.972656-37.175781 55.84375-37.175781 89.75 0 33.902344 13.203125 65.773438 37.175781 89.75l229.078125 229.074219c23.972656 23.972656 55.84375 37.175781 89.75 37.175781 33.902344 0 65.773438-13.203125 89.746094-37.175781l11.0625-11.0625zm0 0\"><\/path><path d=\"m303.0625 124.558594c37.332031 0 67.703125 30.371094 67.703125 67.703125 0 8.285156 6.714844 15 15 15s15-6.714844 15-15c0-53.871094-43.828125-97.703125-97.703125-97.703125-8.285156 0-15 6.71875-15 15 0 8.285156 6.714844 15 15 15zm0 0\"><\/path><path d=\"m311.285156 67.75c64.121094 0 116.289063 52.167969 116.289063 116.289062 0 8.285157 6.71875 15 15 15 8.285156 0 15-6.714843 15-15 0-80.664062-65.625-146.289062-146.289063-146.289062-8.28125 0-15 6.714844-15 15s6.71875 15 15 15zm0 0\"><\/path><\/svg>\t\t\t<\/p>\n<h2>T\u00e9l\u00e9phone<\/h2>\n<h2>514 446-6248<\/h2>\n<p>\t\t\t<svg xmlns=\"http:\/\/www.w3.org\/2000\/svg\" id=\"Layer_1\" viewbox=\"0 0 512 512\"><path d=\"m292.895 335.65 193.709 160.62c-4.751 1.974-9.967 3.062-15.425 3.062h-430.368c-5.458 0-10.664-1.087-15.415-3.062l211.32-174.947c9.619-7.992 29.932-7.433 40.237 1.109l15.267 12.659zm-223.556-97.811-.306-.222-68.533-47.511v268.946c0 11.213 4.614 21.369 12.047 28.676l190.151-157.442zm373.808-.348-.623.443-133.053 92.246 189.993 157.548c7.433-7.317 12.036-17.474 12.036-28.676v-268.946zm-362.406-9.745v-131.944c0-10.537 8.562-19.121 19.089-19.121h312.329c10.548 0 19.131 8.584 19.131 19.121v131.923l14.781-10.241 59.843-41.493-59.843-41.462v-17.991-20.736c0-18.688-15.214-33.902-33.913-33.902h-45.801-25.097l-60.38-41.81c-13.472-9.365-35.412-9.946-47.912-1.288l-62.209 43.098h-25.962-44.967c-18.677 0-33.881 15.214-33.881 33.902v20.736 17.991l-59.864 41.461 59.864 41.504zm225.446-78.518v42.779.02.022 22.601c0 7.139 6.359 12.887 11.623 12.887 3.128 0 5.894-1.976 8.219-5.87 2.595-4.347 5.688-13.019 5.688-29.643 0-41.752-33.967-75.719-75.719-75.719-41.751 0-75.719 33.967-75.719 75.719s33.967 75.718 75.719 75.718c16.134 0 31.538-5.014 44.548-14.502 3.299-2.404 7.923-1.681 10.329 1.618s1.682 7.923-1.617 10.328c-15.557 11.345-33.973 17.341-53.259 17.341-49.903 0-90.503-40.6-90.503-90.503 0-49.904 40.6-90.505 90.503-90.505 49.904 0 90.503 40.6 90.503 90.505 0 16.052-2.617 28.575-7.777 37.22-5.034 8.433-12.461 13.077-20.914 13.077-10.528 0-20.087-7.243-24.231-17.066-9.207 10.398-22.646 16.964-37.584 16.964-27.673 0-50.183-22.52-50.183-50.193 0-27.694 22.51-50.225 50.183-50.225 13.808 0 26.328 5.605 35.408 14.662v-7.236c0-4.083 3.31-7.393 7.392-7.393s7.391 3.311 7.391 7.394zm-14.784 42.657c-.077-19.477-15.934-35.291-35.408-35.291-19.522 0-35.401 15.89-35.401 35.433 0 19.522 15.879 35.401 35.401 35.401 19.474 0 35.331-15.803 35.408-35.259z\"><\/path><\/svg>\t\t\t<\/p>\n<h2>Courriel<\/h2>\n<h2>admin@harchatextileluxe.com<\/h2>\n<p>\t\t\t<svg xmlns=\"http:\/\/www.w3.org\/2000\/svg\" xmlns:xlink=\"http:\/\/www.w3.org\/1999\/xlink\" id=\"Capa_1\" x=\"0px\" y=\"0px\" viewbox=\"0 0 512 512\" style=\"enable-background:new 0 0 512 512;\" xml:space=\"preserve\"><g>\t<g>\t\t<path d=\"M400,0c-61.76,0-112,50.24-112,112c0,57.472,89.856,159.264,100.096,170.688c3.04,3.36,7.36,5.312,11.904,5.312   s8.864-1.952,11.904-5.312C422.144,271.264,512,169.472,512,112C512,50.24,461.76,0,400,0z M400,160c-26.496,0-48-21.504-48-48   c0-26.496,21.504-48,48-48c26.496,0,48,21.504,48,48C448,138.496,426.496,160,400,160z\"><\/path>\t<\/g><\/g><g>\t<g>\t\t<path d=\"M10.048,187.968C4,190.4,0,196.288,0,202.848V496c0,5.312,2.656,10.272,7.04,13.248C9.728,511.04,12.832,512,16,512   c2.016,0,4.032-0.384,5.952-1.152L160,455.616V128L10.048,187.968z\"><\/path>\t<\/g><\/g><g>\t<g>\t\t<path d=\"M435.712,304.064C426.624,314.176,413.6,320,400,320c-13.6,0-26.624-5.824-35.712-15.936   c-3.264-3.616-7.456-8.384-12.288-14.048V512l149.952-59.968c6.08-2.4,10.048-8.32,10.048-14.848V201.952   C485.792,246.336,450.752,287.296,435.712,304.064z\"><\/path>\t<\/g><\/g><g>\t<g>\t\t<path d=\"M266.08,157.632L192,128v327.616l128,51.2v-256.96C299.552,222.304,278.208,189.12,266.08,157.632z\"><\/path>\t<\/g><\/g><g><\/g><g><\/g><g><\/g><g><\/g><g><\/g><g><\/g><g><\/g><g><\/g><g><\/g><g><\/g><g><\/g><g><\/g><g><\/g><g><\/g><g><\/g><\/svg>\t\t\t<\/p>\n<h2>Localisation <\/h2>\n<h2>Laval<\/h2>\n<p>\t\t\t<svg xmlns=\"http:\/\/www.w3.org\/2000\/svg\" id=\"Capa_1\" height=\"512\" viewbox=\"0 0 512 512\" width=\"512\"><g><path d=\"m256 0c-140.61 0-256 115.39-256 256s115.39 256 256 256 256-115.39 256-256-115.39-256-256-256zm116.673 118.114c5.858-5.858 15.355-5.858 21.213 0s5.858 15.355 0 21.213-15.355 5.858-21.213 0-5.858-15.355 0-21.213zm-131.673-42.114c0-8.291 6.709-15 15-15s15 6.709 15 15v30c0 8.291-6.709 15-15 15s-15-6.709-15-15zm-165 195c-8.291 0-15-6.709-15-15s6.709-15 15-15h30c8.291 0 15 6.709 15 15s-6.709 15-15 15zm63.327 122.886c-5.858 5.858-15.355 5.858-21.213 0s-5.858-15.355 0-21.213c5.858-5.859 15.355-5.859 21.213 0 5.858 5.858 5.858 15.355 0 21.213zm0-254.559c-5.858 5.858-15.355 5.858-21.213 0s-5.858-15.355 0-21.213 15.355-5.858 21.213 0 5.858 15.355 0 21.213zm131.673 296.673c0 8.291-6.709 15-15 15s-15-6.709-15-15v-30c0-8.291 6.709-15 15-15s15 6.709 15 15zm85.605-79.395c-5.859 5.859-15.352 5.859-21.211 0l-90-90c-2.812-2.812-4.394-6.621-4.394-10.605v-90c0-8.291 6.709-15 15-15s15 6.709 15 15v83.789l85.605 85.605c5.86 5.86 5.86 15.352 0 21.211zm37.281 37.281c-5.858 5.858-15.355 5.858-21.213 0s-5.858-15.355 0-21.213c5.858-5.859 15.355-5.859 21.213 0 5.857 5.858 5.857 15.355 0 21.213zm57.114-137.886c0 8.291-6.709 15-15 15h-30c-8.291 0-15-6.709-15-15s6.709-15 15-15h30c8.291 0 15 6.709 15 15z\"><\/path><\/g><\/svg>\t\t\t<\/p>\n<h2>Heures <\/h2>\n<h2>9am \u00e0 5pm<\/h2>\n<p>\t\t\t\t\t\t\t\t\t\t\t\t<img decoding=\"async\" width=\"800\" height=\"485\" src=\"https:\/\/harchatextileluxe.com\/wp-content\/uploads\/2023\/06\/logotransparent-back-1024x621.png\" alt=\"\" loading=\"lazy\" srcset=\"https:\/\/harchatextileluxe.com\/wp-content\/uploads\/2023\/06\/logotransparent-back-1024x621.png 1024w, https:\/\/harchatextileluxe.com\/wp-content\/uploads\/2023\/06\/logotransparent-back-300x182.png 300w, https:\/\/harchatextileluxe.com\/wp-content\/uploads\/2023\/06\/logotransparent-back-768x466.png 768w, https:\/\/harchatextileluxe.com\/wp-content\/uploads\/2023\/06\/logotransparent-back-1536x931.png 1536w, https:\/\/harchatextileluxe.com\/wp-content\/uploads\/2023\/06\/logotransparent-back-2048x1242.png 2048w\" sizes=\"auto, (max-width: 800px) 100vw, 800px\" \/><br \/>\n\t\t\t<a href=\"#contact\"><br \/>\n\t\t\t\t\tCONTACTEZ-NOUS<br \/>\n\t\t\t\t\t\t\t<\/a><\/p>\n<figure>\n\t\t\t\t\t\t\t\t\t\t\t<a href=\"http:\/\/webici.ca\"><br \/>\n\t\t\t\t\t\t\t<img decoding=\"async\" width=\"800\" height=\"313\" src=\"https:\/\/harchatextileluxe.com\/wp-content\/uploads\/2022\/05\/1-1-e1651258656690-1024x401.png\" alt=\"\" loading=\"lazy\" srcset=\"https:\/\/harchatextileluxe.com\/wp-content\/uploads\/2022\/05\/1-1-e1651258656690-1024x401.png 1024w, https:\/\/harchatextileluxe.com\/wp-content\/uploads\/2022\/05\/1-1-e1651258656690-300x118.png 300w, https:\/\/harchatextileluxe.com\/wp-content\/uploads\/2022\/05\/1-1-e1651258656690-768x301.png 768w, https:\/\/harchatextileluxe.com\/wp-content\/uploads\/2022\/05\/1-1-e1651258656690.png 1500w\" sizes=\"auto, (max-width: 800px) 100vw, 800px\" \/>\t\t\t\t\t\t\t\t<\/a><figcaption>Con\u00e7u par Webici.ca<\/figcaption><\/figure>","protected":false},"excerpt":{"rendered":"<p>514 446-6248 Admin@harchatextileluxe.com Laval, Canada Lundi au vendredi 9 \u00e0 17h APPELER MAINTENANT Harcha Textile Luxe Vente de literie et textile pour h\u00f4tels, spas, services de sant\u00e9 et restaurants. Contactez-Nous \u00c0 propos Nous nous sp\u00e9cialisons dans la vente de textiles de luxe en utilisant les mat\u00e9riaux les plus fins et les techniques de fabrication les [&hellip;]<\/p>","protected":false},"author":3,"featured_media":0,"parent":0,"menu_order":0,"comment_status":"closed","ping_status":"closed","template":"elementor_canvas","meta":{"footnotes":""},"class_list":["post-2912","page","type-page","status-publish","hentry"],"_links":{"self":[{"href":"https:\/\/harchatextileluxe.com\/en\/wp-json\/wp\/v2\/pages\/2912","targetHints":{"allow":["GET"]}}],"collection":[{"href":"https:\/\/harchatextileluxe.com\/en\/wp-json\/wp\/v2\/pages"}],"about":[{"href":"https:\/\/harchatextileluxe.com\/en\/wp-json\/wp\/v2\/types\/page"}],"author":[{"embeddable":true,"href":"https:\/\/harchatextileluxe.com\/en\/wp-json\/wp\/v2\/users\/3"}],"replies":[{"embeddable":true,"href":"https:\/\/harchatextileluxe.com\/en\/wp-json\/wp\/v2\/comments?post=2912"}],"version-history":[{"count":5,"href":"https:\/\/harchatextileluxe.com\/en\/wp-json\/wp\/v2\/pages\/2912\/revisions"}],"predecessor-version":[{"id":3397,"href":"https:\/\/harchatextileluxe.com\/en\/wp-json\/wp\/v2\/pages\/2912\/revisions\/3397"}],"wp:attachment":[{"href":"https:\/\/harchatextileluxe.com\/en\/wp-json\/wp\/v2\/media?parent=2912"}],"curies":[{"name":"wp","href":"https:\/\/api.w.org\/{rel}","templated":true}]}}